{"id":259,"date":"2022-11-23T14:38:14","date_gmt":"2022-11-23T14:38:14","guid":{"rendered":"https:\/\/novarchi.info\/?page_id=259"},"modified":"2023-05-21T20:36:37","modified_gmt":"2023-05-21T20:36:37","slug":"agence","status":"publish","type":"page","link":"https:\/\/novarchi.info\/index.php\/agence\/","title":{"rendered":"L&#8217;agence"},"content":{"rendered":"\t\t<div data-elementor-type=\"wp-page\" data-elementor-id=\"259\" class=\"elementor elementor-259\" data-elementor-post-type=\"page\">\n\t\t\t\t\t\t\t\t\t<section class=\"jet-tricks-particles-section elementor-section elementor-top-section elementor-element elementor-element-0354c85 elementor-section-height-min-height elementor-section-boxed elementor-section-height-default elementor-section-items-middle\" data-id=\"0354c85\" data-element_type=\"section\">\n\t\t\t\t\t\t<div class=\"elementor-container elementor-column-gap-default\">\n\t\t\t\t\t<div class=\"elementor-column elementor-col-100 elementor-top-column elementor-element elementor-element-c094c04\" data-id=\"c094c04\" data-element_type=\"column\">\n\t\t\t<div class=\"elementor-widget-wrap elementor-element-populated\">\n\t\t\t\t\t\t\t\t<div class=\"elementor-element elementor-element-9ddf170 elementor-widget elementor-widget-spacer\" data-id=\"9ddf170\" data-element_type=\"widget\" data-widget_type=\"spacer.default\">\n\t\t\t\t<div class=\"elementor-widget-container\">\n\t\t\t<style>\/*! elementor - v3.14.0 - 18-06-2023 *\/\n.elementor-column .elementor-spacer-inner{height:var(--spacer-size)}.e-con{--container-widget-width:100%}.e-con-inner>.elementor-widget-spacer,.e-con>.elementor-widget-spacer{width:var(--container-widget-width,var(--spacer-size));--align-self:var(--container-widget-align-self,initial);--flex-shrink:0}.e-con-inner>.elementor-widget-spacer>.elementor-widget-container,.e-con-inner>.elementor-widget-spacer>.elementor-widget-container>.elementor-spacer,.e-con>.elementor-widget-spacer>.elementor-widget-container,.e-con>.elementor-widget-spacer>.elementor-widget-container>.elementor-spacer{height:100%}.e-con-inner>.elementor-widget-spacer>.elementor-widget-container>.elementor-spacer>.elementor-spacer-inner,.e-con>.elementor-widget-spacer>.elementor-widget-container>.elementor-spacer>.elementor-spacer-inner{height:var(--container-widget-height,var(--spacer-size))}<\/style>\t\t<div class=\"elementor-spacer\">\n\t\t\t<div class=\"elementor-spacer-inner\"><\/div>\n\t\t<\/div>\n\t\t\t\t<\/div>\n\t\t\t\t<\/div>\n\t\t\t\t<section class=\"elementor-section elementor-inner-section elementor-element elementor-element-1b2242c elementor-section-boxed elementor-section-height-default elementor-section-height-default\" data-id=\"1b2242c\" data-element_type=\"section\">\n\t\t\t\t\t\t<div class=\"elementor-container elementor-column-gap-default\">\n\t\t\t\t\t<div class=\"elementor-column elementor-col-50 elementor-inner-column elementor-element elementor-element-38cb8ac\" data-id=\"38cb8ac\" data-element_type=\"column\">\n\t\t\t<div class=\"elementor-widget-wrap elementor-element-populated\">\n\t\t\t\t\t\t\t\t<div class=\"elementor-element elementor-element-bb1f5bf elementor-widget elementor-widget-image\" data-id=\"bb1f5bf\" data-element_type=\"widget\" data-widget_type=\"image.default\">\n\t\t\t\t<div class=\"elementor-widget-container\">\n\t\t\t<style>\/*! elementor - v3.14.0 - 18-06-2023 *\/\n.elementor-widget-image{text-align:center}.elementor-widget-image a{display:inline-block}.elementor-widget-image a img[src$=\".svg\"]{width:48px}.elementor-widget-image img{vertical-align:middle;display:inline-block}<\/style>\t\t\t\t\t\t\t\t\t\t\t\t<img loading=\"lazy\" decoding=\"async\" width=\"532\" height=\"555\" src=\"https:\/\/novarchi.info\/wp-content\/uploads\/2022\/11\/NOVARCHI-tous-les-logos.png\" class=\"attachment-full size-full wp-image-9\" alt=\"\" srcset=\"https:\/\/novarchi.info\/wp-content\/uploads\/2022\/11\/NOVARCHI-tous-les-logos.png 532w, https:\/\/novarchi.info\/wp-content\/uploads\/2022\/11\/NOVARCHI-tous-les-logos-288x300.png 288w\" sizes=\"auto, (max-width: 532px) 100vw, 532px\" \/>\t\t\t\t\t\t\t\t\t\t\t\t\t\t\t<\/div>\n\t\t\t\t<\/div>\n\t\t\t\t\t<\/div>\n\t\t<\/div>\n\t\t\t\t<div class=\"elementor-column elementor-col-50 elementor-inner-column elementor-element elementor-element-231de00\" data-id=\"231de00\" data-element_type=\"column\">\n\t\t\t<div class=\"elementor-widget-wrap elementor-element-populated\">\n\t\t\t\t\t\t\t\t<div class=\"elementor-element elementor-element-59faf5a elementor-widget elementor-widget-heading\" data-id=\"59faf5a\" data-element_type=\"widget\" data-widget_type=\"heading.default\">\n\t\t\t\t<div class=\"elementor-widget-container\">\n\t\t\t<style>\/*! elementor - v3.14.0 - 18-06-2023 *\/\n.elementor-heading-title{padding:0;margin:0;line-height:1}.elementor-widget-heading .elementor-heading-title[class*=elementor-size-]>a{color:inherit;font-size:inherit;line-height:inherit}.elementor-widget-heading .elementor-heading-title.elementor-size-small{font-size:15px}.elementor-widget-heading .elementor-heading-title.elementor-size-medium{font-size:19px}.elementor-widget-heading .elementor-heading-title.elementor-size-large{font-size:29px}.elementor-widget-heading .elementor-heading-title.elementor-size-xl{font-size:39px}.elementor-widget-heading .elementor-heading-title.elementor-size-xxl{font-size:59px}<\/style><h1 class=\"elementor-heading-title elementor-size-default\">L'agence d'achitecture Novarchi<\/h1>\t\t<\/div>\n\t\t\t\t<\/div>\n\t\t\t\t<div class=\"elementor-element elementor-element-f0be780 elementor-headline--style-rotate elementor-widget elementor-widget-animated-headline\" data-id=\"f0be780\" data-element_type=\"widget\" data-settings=\"{&quot;headline_style&quot;:&quot;rotate&quot;,&quot;animation_type&quot;:&quot;blinds&quot;,&quot;rotating_text&quot;:&quot;Sur-mesure\\nFonctionnel\\nNovateur&quot;,&quot;rotate_iteration_delay&quot;:1000,&quot;loop&quot;:&quot;yes&quot;}\" data-widget_type=\"animated-headline.default\">\n\t\t\t\t<div class=\"elementor-widget-container\">\n\t\t\t<link rel=\"stylesheet\" href=\"https:\/\/novarchi.info\/wp-content\/plugins\/elementor-pro\/assets\/css\/widget-animated-headline.min.css\">\t\t<h3 class=\"elementor-headline elementor-headline-animation-type-blinds elementor-headline-letters\">\n\t\t\t\t<span class=\"elementor-headline-dynamic-wrapper elementor-headline-text-wrapper\">\n\t\t\t\t\t<span class=\"elementor-headline-dynamic-text elementor-headline-text-active\">\n\t\t\t\tSur-mesure\t\t\t<\/span>\n\t\t\t\t\t<span class=\"elementor-headline-dynamic-text\">\n\t\t\t\tFonctionnel\t\t\t<\/span>\n\t\t\t\t\t<span class=\"elementor-headline-dynamic-text\">\n\t\t\t\tNovateur\t\t\t<\/span>\n\t\t\t\t\t\t<\/span>\n\t\t\t\t<\/h3>\n\t\t\t\t<\/div>\n\t\t\t\t<\/div>\n\t\t\t\t<div class=\"elementor-element elementor-element-64113d0 elementor-widget elementor-widget-text-editor\" data-id=\"64113d0\" data-element_type=\"widget\" data-widget_type=\"text-editor.default\">\n\t\t\t\t<div class=\"elementor-widget-container\">\n\t\t\t<style>\/*! elementor - v3.14.0 - 18-06-2023 *\/\n.elementor-widget-text-editor.elementor-drop-cap-view-stacked .elementor-drop-cap{background-color:#69727d;color:#fff}.elementor-widget-text-editor.elementor-drop-cap-view-framed .elementor-drop-cap{color:#69727d;border:3px solid;background-color:transparent}.elementor-widget-text-editor:not(.elementor-drop-cap-view-default) .elementor-drop-cap{margin-top:8px}.elementor-widget-text-editor:not(.elementor-drop-cap-view-default) .elementor-drop-cap-letter{width:1em;height:1em}.elementor-widget-text-editor .elementor-drop-cap{float:left;text-align:center;line-height:1;font-size:50px}.elementor-widget-text-editor .elementor-drop-cap-letter{display:inline-block}<\/style>\t\t\t\t<p><strong>NOVA<\/strong>RCHI est une agence d&#8217;architecture dynamique, cr\u00e9ative et proche de ses clients, bas\u00e9e \u00e0 Champs-sur-Marne (77).<\/p><p>Fond\u00e9e en 2011, notre agence s&#8217;est d\u00e9velopp\u00e9e en proposant des approches de conception architecturale adapt\u00e9es \u00e0 tous les types de projets.<\/p><p>Compos\u00e9e d&#8217;une \u00e9quipe de trois architectes et une d\u00e9coratrice d&#8217;int\u00e9rieur, ainsi que de collaborateurs externes dans les domaines de l&#8217;ing\u00e9nierie et de l&#8217;ex\u00e9cution de travaux, notre agence est capable de r\u00e9pondre \u00e0 des projets de diff\u00e9rentes \u00e9chelles et typologies, et \u00e0 tous les stades de leur r\u00e9alisation.<\/p><p><strong>LA CREATION AU SERVICE DE L\u2019UTILISATEUR<\/strong><\/p><p>Nous accompagnons nos clients de la naissance de l\u2019id\u00e9e, \u00e0 son d\u00e9veloppement et \u00e0 la bonne ex\u00e9cution, cherchant le mod\u00e8le de l\u2019architecture par tous les outils \u00e0 notre disposition.<\/p><p>Notre champ d&#8217;action s&#8217;\u00e9tend des projets priv\u00e9s avec des budgets limit\u00e9s pour des particuliers (conception d&#8217;appartements, de maisons individuelles, permis de construire, d\u00e9claration pr\u00e9alable, etc.) aux petits programmes immobiliers. Nous sommes \u00e9galement impliqu\u00e9s dans des projets \u00e0 plus grande \u00e9chelle pour des entreprises priv\u00e9es, qu&#8217;il s&#8217;agisse de logements, de commerces ou d&#8217;espaces tertiaires. Nous participons activement aux appels d&#8217;offres priv\u00e9s.<\/p><p><strong>DYNAMISME ET CREATIVITE<\/strong><\/p><p>Notre approche se distingue par son dynamisme et sa cr\u00e9ativit\u00e9. Nous rejetons la conformit\u00e9 et cherchons \u00e0 cr\u00e9er des r\u00e9alisations architecturales uniques. Nous favorisons les espaces ouverts et les volumes g\u00e9n\u00e9reux pour\u00a0 offrir une fonctionnalit\u00e9 optimale.<\/p><p>Dans le respect des principes de la d\u00e9marche environnementale, chaque conception int\u00e8gre des propositions architecturales et techniques visant \u00e0 contribuer \u00e0 la pr\u00e9servation de l&#8217;environnement. Nous mettons en \u0153uvre une gamme d&#8217;outils de construction allant des plus contemporains aux plus modernes.<\/p><p><strong>DES OUTILS DE CREATIONS DIVERSIFIES<\/strong><\/p><p>Architectes polyvalents, la transcription de nos cr\u00e9ations passe syst\u00e9matiquement par l\u2019exploitation de tous les modes de repr\u00e9sentation, des plus archa\u00efques comme des maquettes \u00e0 \u00e9chelles r\u00e9duites, aux plus moderne comme des images de synth\u00e8ses 3D ultra r\u00e9alistes.<\/p><p>Le but \u00e9tant de permettre \u00e0 nos clients de se projeter au mieux dans la r\u00e9alit\u00e9 afin de visualiser n\u2019importe quel \u00e9l\u00e9ment du projet d\u00e8s les premi\u00e8res phases de la conception.<\/p>\t\t\t\t\t\t<\/div>\n\t\t\t\t<\/div>\n\t\t\t\t<div class=\"elementor-element elementor-element-11cc679 elementor-widget elementor-widget-html\" data-id=\"11cc679\" data-element_type=\"widget\" data-widget_type=\"html.default\">\n\t\t\t\t<div class=\"elementor-widget-container\">\n\t\t\t<style>\n@media screen and (min-width: 500px) and (min-height: 1000px){\n    body{\n        overflow: hidden;\n    }\n    \n}\n<\/style>\t\t<\/div>\n\t\t\t\t<\/div>\n\t\t\t\t\t<\/div>\n\t\t<\/div>\n\t\t\t\t\t\t\t<\/div>\n\t\t<\/section>\n\t\t\t\t<div class=\"elementor-element elementor-element-37f3055 elementor-widget elementor-widget-spacer\" data-id=\"37f3055\" data-element_type=\"widget\" data-widget_type=\"spacer.default\">\n\t\t\t\t<div class=\"elementor-widget-container\">\n\t\t\t\t\t<div class=\"elementor-spacer\">\n\t\t\t<div class=\"elementor-spacer-inner\"><\/div>\n\t\t<\/div>\n\t\t\t\t<\/div>\n\t\t\t\t<\/div>\n\t\t\t\t\t<\/div>\n\t\t<\/div>\n\t\t\t\t\t\t\t<\/div>\n\t\t<\/section>\n\t\t\t\t\t\t\t<\/div>\n\t\t","protected":false},"excerpt":{"rendered":"<p>L&#8217;agence d&#8217;achitecture Novarchi Sur-mesure Fonctionnel Novateur NOVARCHI est une agence d&#8217;architecture dynamique, cr\u00e9ative et proche de ses clients, bas\u00e9e \u00e0 Champs-sur-Marne (77). Fond\u00e9e en 2011, notre agence s&#8217;est d\u00e9velopp\u00e9e en proposant des approches de conception architecturale adapt\u00e9es \u00e0 tous les types de projets. Compos\u00e9e d&#8217;une \u00e9quipe de trois architectes et une d\u00e9coratrice d&#8217;int\u00e9rieur, ainsi que [&hellip;]<\/p>\n","protected":false},"author":1,"featured_media":0,"parent":0,"menu_order":0,"comment_status":"closed","ping_status":"closed","template":"","meta":{"footnotes":""},"class_list":["post-259","page","type-page","status-publish","hentry"],"_links":{"self":[{"href":"https:\/\/novarchi.info\/index.php\/wp-json\/wp\/v2\/pages\/259","targetHints":{"allow":["GET"]}}],"collection":[{"href":"https:\/\/novarchi.info\/index.php\/wp-json\/wp\/v2\/pages"}],"about":[{"href":"https:\/\/novarchi.info\/index.php\/wp-json\/wp\/v2\/types\/page"}],"author":[{"embeddable":true,"href":"https:\/\/novarchi.info\/index.php\/wp-json\/wp\/v2\/users\/1"}],"replies":[{"embeddable":true,"href":"https:\/\/novarchi.info\/index.php\/wp-json\/wp\/v2\/comments?post=259"}],"version-history":[{"count":47,"href":"https:\/\/novarchi.info\/index.php\/wp-json\/wp\/v2\/pages\/259\/revisions"}],"predecessor-version":[{"id":1185,"href":"https:\/\/novarchi.info\/index.php\/wp-json\/wp\/v2\/pages\/259\/revisions\/1185"}],"wp:attachment":[{"href":"https:\/\/novarchi.info\/index.php\/wp-json\/wp\/v2\/media?parent=259"}],"curies":[{"name":"wp","href":"https:\/\/api.w.org\/{rel}","templated":true}]}}