{"id":653,"date":"2022-12-23T14:57:00","date_gmt":"2022-12-23T14:57:00","guid":{"rendered":"https:\/\/novarchi.info\/?page_id=653"},"modified":"2023-09-01T16:14:07","modified_gmt":"2023-09-01T16:14:07","slug":"habitations","status":"publish","type":"page","link":"https:\/\/novarchi.info\/index.php\/realisations\/habitations\/","title":{"rendered":"Habitations"},"content":{"rendered":"\t\t<div data-elementor-type=\"wp-page\" data-elementor-id=\"653\" class=\"elementor elementor-653\" data-elementor-post-type=\"page\">\n\t\t\t\t\t\t\t\t\t<section class=\"jet-tricks-particles-section elementor-section elementor-top-section elementor-element elementor-element-8075693 elementor-section-height-full elementor-section-boxed elementor-section-height-default elementor-section-items-middle\" data-id=\"8075693\" data-element_type=\"section\">\n\t\t\t\t\t\t<div class=\"elementor-container elementor-column-gap-default\">\n\t\t\t\t\t<div class=\"elementor-column elementor-col-100 elementor-top-column elementor-element elementor-element-8e23697\" data-id=\"8e23697\" data-element_type=\"column\">\n\t\t\t<div class=\"elementor-widget-wrap elementor-element-populated\">\n\t\t\t\t\t\t\t\t<div class=\"elementor-element elementor-element-fca80a6 elementor-widget elementor-widget-heading\" data-id=\"fca80a6\" data-element_type=\"widget\" data-widget_type=\"heading.default\">\n\t\t\t\t<div class=\"elementor-widget-container\">\n\t\t\t<style>\/*! elementor - v3.14.0 - 18-06-2023 *\/\n.elementor-heading-title{padding:0;margin:0;line-height:1}.elementor-widget-heading .elementor-heading-title[class*=elementor-size-]>a{color:inherit;font-size:inherit;line-height:inherit}.elementor-widget-heading .elementor-heading-title.elementor-size-small{font-size:15px}.elementor-widget-heading .elementor-heading-title.elementor-size-medium{font-size:19px}.elementor-widget-heading .elementor-heading-title.elementor-size-large{font-size:29px}.elementor-widget-heading .elementor-heading-title.elementor-size-xl{font-size:39px}.elementor-widget-heading .elementor-heading-title.elementor-size-xxl{font-size:59px}<\/style><h1 class=\"elementor-heading-title elementor-size-default\">Habitations<\/h1>\t\t<\/div>\n\t\t\t\t<\/div>\n\t\t\t\t<div class=\"elementor-element elementor-element-a29d396 elementor-widget elementor-widget-html\" data-id=\"a29d396\" data-element_type=\"widget\" data-widget_type=\"html.default\">\n\t\t\t\t<div class=\"elementor-widget-container\">\n\t\t\t<style>\n@media screen and (min-width: 500px) and (min-height: 1000px){\n    body{\n        overflow: hidden;\n    }\n    \n}\n<\/style>\t\t<\/div>\n\t\t\t\t<\/div>\n\t\t\t\t<div class=\"elementor-element elementor-element-6bba7a2 elementor-widget elementor-widget-spacer\" data-id=\"6bba7a2\" data-element_type=\"widget\" data-widget_type=\"spacer.default\">\n\t\t\t\t<div class=\"elementor-widget-container\">\n\t\t\t<style>\/*! elementor - v3.14.0 - 18-06-2023 *\/\n.elementor-column .elementor-spacer-inner{height:var(--spacer-size)}.e-con{--container-widget-width:100%}.e-con-inner>.elementor-widget-spacer,.e-con>.elementor-widget-spacer{width:var(--container-widget-width,var(--spacer-size));--align-self:var(--container-widget-align-self,initial);--flex-shrink:0}.e-con-inner>.elementor-widget-spacer>.elementor-widget-container,.e-con-inner>.elementor-widget-spacer>.elementor-widget-container>.elementor-spacer,.e-con>.elementor-widget-spacer>.elementor-widget-container,.e-con>.elementor-widget-spacer>.elementor-widget-container>.elementor-spacer{height:100%}.e-con-inner>.elementor-widget-spacer>.elementor-widget-container>.elementor-spacer>.elementor-spacer-inner,.e-con>.elementor-widget-spacer>.elementor-widget-container>.elementor-spacer>.elementor-spacer-inner{height:var(--container-widget-height,var(--spacer-size))}<\/style>\t\t<div class=\"elementor-spacer\">\n\t\t\t<div class=\"elementor-spacer-inner\"><\/div>\n\t\t<\/div>\n\t\t\t\t<\/div>\n\t\t\t\t<\/div>\n\t\t\t\t<div class=\"elementor-element elementor-element-88edf33 elementor-widget elementor-widget-html\" data-id=\"88edf33\" data-element_type=\"widget\" data-widget_type=\"html.default\">\n\t\t\t\t<div class=\"elementor-widget-container\">\n\t\t\t<div class=\"option-con\">\n    \n    <!-- \n        tu copies d'ici\n    -->\n    \n        <\/a>\n    \n        <a href=\"villa-la-rochette\">\n        <div class=\"main-item magic-hover magic-hover__square\">\n            <div class=\"avatar-bg\">\n                <img decoding=\"async\" src=\"https:\/\/novarchi.info\/wp-content\/uploads\/2023\/09\/P_20230819_123021-copie-scaled.jpg\" alt=\"\" \/>\n            <\/div>\n            <p class=\"title\">VILLA LA ROCHETTE (77)<\/p>\n            <div class=\"label\">\n                <p class=\"hashtag\">#Habitation #Maison moderne #Design<\/p>\n                <p class=\"link\">D\u00e9couvrir<\/p><\/p>\n            <\/div>\n        <\/div>\n    \n        <a href=\"villa-moderne-a-tigeaux\">\n        <div class=\"main-item magic-hover magic-hover__square\">\n            <div class=\"avatar-bg\">\n                <img decoding=\"async\" src=\"https:\/\/novarchi.info\/wp-content\/uploads\/2023\/05\/Vue__Photo-1-Def-scaled.jpg\" alt=\"\" \/>\n            <\/div>\n            <p class=\"title\">VILLA TIGEAUX (77)<\/p>\n            <div class=\"label\">\n                <p class=\"hashtag\">#Habitation #Maison contemporaine #Paysagiste<\/p>\n                <p class=\"link\">D\u00e9couvrir<\/p><\/p>\n            <\/div>\n        <\/div>\n    <\/a>\n    \n            <a href=\"maison-individuelle-champs-sur-marne\">\n        <div class=\"main-item magic-hover magic-hover__square\">\n            <div class=\"avatar-bg\">\n                <img decoding=\"async\" src=\"https:\/\/novarchi.info\/wp-content\/uploads\/2023\/06\/Z_3-Sejour-Salle-a-manger-scaled.jpg\" alt=\"\" \/>\n            <\/div>\n            <p class=\"title\">MAISON CHAMPS-SUR-MARNE (77)<\/p>\n            <div class=\"label\">\n                <p class=\"hashtag\">#Habitation #Maison contemporaine #D\u00e9coration d'int\u00e9rieur<\/p>\n                <p class=\"link\">D\u00e9couvrir<\/p><\/p>\n            <\/div>\n        <\/div>\n    <\/a>\n    \n        <a href=\"villa-dans-les-beaux-quartiers-de-lamorlaye-95\">\n        <div class=\"main-item magic-hover magic-hover__square\">\n            <div class=\"avatar-bg\">\n                <img decoding=\"async\" src=\"https:\/\/novarchi.info\/wp-content\/uploads\/2023\/05\/2022.10.12_IGOHY-KAYA_Pre-PC-Indice-D_1-Photo-scaled.jpg\" alt=\"\" \/>\n            <\/div>\n            <p class=\"title\">VILLA LAMORLAYE (60)<\/p>\n            <div class=\"label\">\n                <p class=\"hashtag\">#Habitation #Maison moderne #Design<\/p>\n                <p class=\"link\">D\u00e9couvrir<\/p><\/p>\n            <\/div>\n        <\/div>\n    <\/a>\n    \n    <a href=\"logements-collectifs-st-ouen\">\n        <div class=\"main-item magic-hover magic-hover__square\">\n            <div class=\"avatar-bg\">\n                <img decoding=\"async\" src=\"https:\/\/novarchi.info\/wp-content\/uploads\/2023\/05\/2022.01.16-APS_2-Photo-copie.jpg\" alt=\"\" \/>\n            <\/div>\n            <p class=\"title\">14 LOGEMENTS COLLECTIFS ST OUEN (93)<\/p>\n            <div class=\"label\">\n                <p class=\"hashtag\">#Habitation #Logements collectifs<\/p>\n                <p class=\"link\">D\u00e9couvrir<\/p><\/p>\n            <\/div>\n        <\/div>\n    <\/a>\n        \n    <!-- \n    -->\n        <a href=\"logements-collectifs-aubervilliers\">\n        <div class=\"main-item magic-hover magic-hover__square\">\n            <div class=\"avatar-bg\">\n                <img decoding=\"async\" src=\"https:\/\/novarchi.info\/wp-content\/uploads\/2023\/05\/2023.03.20_SCI_MED_RENDU_1-Photo_1-Photo-scaled.jpg\" alt=\"\" \/>\n            <\/div>\n            <p class=\"title\">12 LOGEMENTS COLLECTIFS AUBERVILLIERS (93)<\/p>\n            <div class=\"label\">\n                <p class=\"hashtag\">#Habitation #Logements collectifs<\/p>\n                <p class=\"link\">D\u00e9couvrir<\/p><\/p>\n            <\/div>\n        <\/div>\n\n    <\/a>\n    \n           <a href=\"extension-maison-a-st-maur\">\n        <div class=\"main-item magic-hover magic-hover__square\">\n            <div class=\"avatar-bg\">\n                <img decoding=\"async\" src=\"https:\/\/novarchi.info\/wp-content\/uploads\/2022\/12\/IMG_20200117_102519-1-scaled.jpg\" alt=\"\" \/>\n            <\/div>\n            <p class=\"title\">EXTENSION ST-MAUR-DES-FOSSES (94)<\/p>\n            <div class=\"label\">\n                <p class=\"hashtag\">#Habitation #Extension  Maison #Contemporain<\/p>\n                <p class=\"link\">D\u00e9couvrir<\/p><\/p>\n            <\/div>\n        <\/div>\n        \n            <\/a>\n    \n         <a href=\"sci-ad\">\n        <div class=\"main-item magic-hover magic-hover__square\">\n            <div class=\"avatar-bg\">\n                <img decoding=\"async\" src=\"https:\/\/novarchi.info\/wp-content\/uploads\/2023\/09\/2022.09.01_SCI-AD_PC_Projet-Indice-A_page-0006-scaled.jpg\" alt=\"\" \/>\n            <\/div>\n            <p class=\"title\">MAISON FAMILIALE AUMONT-EN-HALATTE (60)<\/p>\n            <div class=\"label\">\n                <p class=\"hashtag\">#Maison  #Habitation #Logements collectifs #Logements sociaux<\/p>\n                <p class=\"link\">D\u00e9couvrir<\/p><\/p>\n            <\/div>\n        <\/div>\n        \n        \n    <\/a>\n    \n         <a href=\"63-logements-collectifs-livry-gargan\">\n        <div class=\"main-item magic-hover magic-hover__square\">\n            <div class=\"avatar-bg\">\n                <img decoding=\"async\" src=\"https:\/\/novarchi.info\/wp-content\/uploads\/2023\/05\/2018.09.26-ED-Livry-Gargan-3B-scaled.jpg\" alt=\"\" \/>\n            <\/div>\n            <p class=\"title\">63 LOGEMENTS COLLECTIFS LIVRY GARGAN (93)<\/p>\n            <div class=\"label\">\n                <p class=\"hashtag\">#Habitation #Logements collectifs #Logements sociaux<\/p>\n                <p class=\"link\">D\u00e9couvrir<\/p><\/p>\n            <\/div>\n        <\/div>\n    <\/a>\n    \n             <a href=\"villa-a-vaujours-77\">\n        <div class=\"main-item magic-hover magic-hover__square\">\n            <div class=\"avatar-bg\">\n                <img decoding=\"async\" src=\"https:\/\/novarchi.info\/wp-content\/uploads\/2023\/09\/2021.05.29-PC-AMZIL_page-0011-copie-scaled.jpg\" alt=\"\" \/>\n            <\/div>\n            <p class=\"title\">GRANDE VILLA VAUJOURS (77)<\/p>\n            <div class=\"label\">\n                <p class=\"hashtag\">#VILLA #Habitation #Logements collectifs #Logements sociaux<\/p>\n                <p class=\"link\">D\u00e9couvrir<\/p><\/p>\n            <\/div>\n        <\/div>\n    <\/a>\n    \n    <!-- \n        jusqu'ici\n    -->\n     \n<\/div>\n\t\t<\/div>\n\t\t\t\t<\/div>\n\t\t\t\t\t<\/div>\n\t\t<\/div>\n\t\t\t\t\t\t\t<\/div>\n\t\t<\/section>\n\t\t\t\t\t\t\t<\/div>\n\t\t","protected":false},"excerpt":{"rendered":"<p>Habitations VILLA LA ROCHETTE (77) #Habitation #Maison moderne #Design D\u00e9couvrir VILLA TIGEAUX (77) #Habitation #Maison contemporaine #Paysagiste D\u00e9couvrir MAISON CHAMPS-SUR-MARNE (77) #Habitation #Maison contemporaine #D\u00e9coration d&#8217;int\u00e9rieur D\u00e9couvrir VILLA LAMORLAYE (60) #Habitation #Maison moderne #Design D\u00e9couvrir 14 LOGEMENTS COLLECTIFS ST OUEN (93) #Habitation #Logements collectifs D\u00e9couvrir 12 LOGEMENTS COLLECTIFS AUBERVILLIERS (93) #Habitation #Logements collectifs D\u00e9couvrir EXTENSION [&hellip;]<\/p>\n","protected":false},"author":1,"featured_media":0,"parent":103,"menu_order":0,"comment_status":"closed","ping_status":"closed","template":"","meta":{"footnotes":""},"class_list":["post-653","page","type-page","status-publish","hentry"],"_links":{"self":[{"href":"https:\/\/novarchi.info\/index.php\/wp-json\/wp\/v2\/pages\/653","targetHints":{"allow":["GET"]}}],"collection":[{"href":"https:\/\/novarchi.info\/index.php\/wp-json\/wp\/v2\/pages"}],"about":[{"href":"https:\/\/novarchi.info\/index.php\/wp-json\/wp\/v2\/types\/page"}],"author":[{"embeddable":true,"href":"https:\/\/novarchi.info\/index.php\/wp-json\/wp\/v2\/users\/1"}],"replies":[{"embeddable":true,"href":"https:\/\/novarchi.info\/index.php\/wp-json\/wp\/v2\/comments?post=653"}],"version-history":[{"count":91,"href":"https:\/\/novarchi.info\/index.php\/wp-json\/wp\/v2\/pages\/653\/revisions"}],"predecessor-version":[{"id":1532,"href":"https:\/\/novarchi.info\/index.php\/wp-json\/wp\/v2\/pages\/653\/revisions\/1532"}],"up":[{"embeddable":true,"href":"https:\/\/novarchi.info\/index.php\/wp-json\/wp\/v2\/pages\/103"}],"wp:attachment":[{"href":"https:\/\/novarchi.info\/index.php\/wp-json\/wp\/v2\/media?parent=653"}],"curies":[{"name":"wp","href":"https:\/\/api.w.org\/{rel}","templated":true}]}}