{"id":659,"date":"2022-12-23T15:03:49","date_gmt":"2022-12-23T15:03:49","guid":{"rendered":"https:\/\/novarchi.info\/?page_id=659"},"modified":"2023-05-21T21:27:57","modified_gmt":"2023-05-21T21:27:57","slug":"bureaux","status":"publish","type":"page","link":"https:\/\/novarchi.info\/index.php\/realisations\/bureaux\/","title":{"rendered":"Tertiaire et Activit\u00e9"},"content":{"rendered":"\t\t<div data-elementor-type=\"wp-page\" data-elementor-id=\"659\" class=\"elementor elementor-659\" data-elementor-post-type=\"page\">\n\t\t\t\t\t\t\t\t\t<section class=\"jet-tricks-particles-section elementor-section elementor-top-section elementor-element elementor-element-8aa3ff1 elementor-section-height-full elementor-section-boxed elementor-section-height-default elementor-section-items-middle\" data-id=\"8aa3ff1\" data-element_type=\"section\">\n\t\t\t\t\t\t<div class=\"elementor-container elementor-column-gap-default\">\n\t\t\t\t\t<div class=\"elementor-column elementor-col-100 elementor-top-column elementor-element elementor-element-7f20dd0\" data-id=\"7f20dd0\" data-element_type=\"column\">\n\t\t\t<div class=\"elementor-widget-wrap elementor-element-populated\">\n\t\t\t\t\t\t\t\t<div class=\"elementor-element elementor-element-6c44e79 elementor-widget elementor-widget-heading\" data-id=\"6c44e79\" data-element_type=\"widget\" data-widget_type=\"heading.default\">\n\t\t\t\t<div class=\"elementor-widget-container\">\n\t\t\t<style>\/*! elementor - v3.14.0 - 18-06-2023 *\/\n.elementor-heading-title{padding:0;margin:0;line-height:1}.elementor-widget-heading .elementor-heading-title[class*=elementor-size-]>a{color:inherit;font-size:inherit;line-height:inherit}.elementor-widget-heading .elementor-heading-title.elementor-size-small{font-size:15px}.elementor-widget-heading .elementor-heading-title.elementor-size-medium{font-size:19px}.elementor-widget-heading .elementor-heading-title.elementor-size-large{font-size:29px}.elementor-widget-heading .elementor-heading-title.elementor-size-xl{font-size:39px}.elementor-widget-heading .elementor-heading-title.elementor-size-xxl{font-size:59px}<\/style><h1 class=\"elementor-heading-title elementor-size-default\">Bureaux<\/h1>\t\t<\/div>\n\t\t\t\t<\/div>\n\t\t\t\t<div class=\"elementor-element elementor-element-ce9dc1f elementor-widget elementor-widget-html\" data-id=\"ce9dc1f\" data-element_type=\"widget\" data-widget_type=\"html.default\">\n\t\t\t\t<div class=\"elementor-widget-container\">\n\t\t\t<style>\n@media screen and (min-width: 500px) and (min-height: 1000px){\n    body{\n        overflow: hidden;\n    }\n    \n}\n<\/style>\t\t<\/div>\n\t\t\t\t<\/div>\n\t\t\t\t<div class=\"elementor-element elementor-element-6455fd9 elementor-widget elementor-widget-spacer\" data-id=\"6455fd9\" data-element_type=\"widget\" data-widget_type=\"spacer.default\">\n\t\t\t\t<div class=\"elementor-widget-container\">\n\t\t\t<style>\/*! elementor - v3.14.0 - 18-06-2023 *\/\n.elementor-column .elementor-spacer-inner{height:var(--spacer-size)}.e-con{--container-widget-width:100%}.e-con-inner>.elementor-widget-spacer,.e-con>.elementor-widget-spacer{width:var(--container-widget-width,var(--spacer-size));--align-self:var(--container-widget-align-self,initial);--flex-shrink:0}.e-con-inner>.elementor-widget-spacer>.elementor-widget-container,.e-con-inner>.elementor-widget-spacer>.elementor-widget-container>.elementor-spacer,.e-con>.elementor-widget-spacer>.elementor-widget-container,.e-con>.elementor-widget-spacer>.elementor-widget-container>.elementor-spacer{height:100%}.e-con-inner>.elementor-widget-spacer>.elementor-widget-container>.elementor-spacer>.elementor-spacer-inner,.e-con>.elementor-widget-spacer>.elementor-widget-container>.elementor-spacer>.elementor-spacer-inner{height:var(--container-widget-height,var(--spacer-size))}<\/style>\t\t<div class=\"elementor-spacer\">\n\t\t\t<div class=\"elementor-spacer-inner\"><\/div>\n\t\t<\/div>\n\t\t\t\t<\/div>\n\t\t\t\t<\/div>\n\t\t\t\t<div class=\"elementor-element elementor-element-c4e3209 elementor-widget elementor-widget-html\" data-id=\"c4e3209\" data-element_type=\"widget\" data-widget_type=\"html.default\">\n\t\t\t\t<div class=\"elementor-widget-container\">\n\t\t\t<div class=\"option-con\">\n    \n    <a href=\"idee-immobilier\">\n        <div class=\"main-item magic-hover magic-hover__square\">\n            <div class=\"avatar-bg\">\n                <img decoding=\"async\" src=\"https:\/\/novarchi.info\/wp-content\/uploads\/2022\/12\/SCI-IDEE-VUE-03-INSERTION-2019.10.14.jpg\" alt=\"\" \/>\n            <\/div>\n            <p class=\"title\">IDEE IMMOBILIER<\/p>\n            <div class=\"label\">\n                <p class=\"hashtag\">#Bureaux #Ext\u00e9rieur<\/p>\n                <p class=\"link\">D\u00e9couvrir<\/p><\/p>\n            <\/div>\n        <\/div>\n    <\/a>\n    \n    <a href=\"atos-diane\">\n        <div class=\"main-item magic-hover magic-hover__square\">\n            <div class=\"avatar-bg\">\n                <img decoding=\"async\" src=\"https:\/\/novarchi.info\/wp-content\/uploads\/2022\/12\/2020.02.08-ATOS-DIANE-Axonometrie-01-bis.jpg\" alt=\"\" \/>\n            <\/div>\n            <p class=\"title\">ATOS DIANE<\/p>\n            <div class=\"label\">\n                <p class=\"hashtag\">#Bureaux #Int\u00e9rieur #Green<\/p>\n                <p class=\"link\">D\u00e9couvrir<\/p>\n            <\/div>\n        <\/div>\n    <\/a>\n  \n<\/div>\n\t\t<\/div>\n\t\t\t\t<\/div>\n\t\t\t\t\t<\/div>\n\t\t<\/div>\n\t\t\t\t\t\t\t<\/div>\n\t\t<\/section>\n\t\t\t\t\t\t\t<\/div>\n\t\t","protected":false},"excerpt":{"rendered":"<p>Bureaux IDEE IMMOBILIER #Bureaux #Ext\u00e9rieur D\u00e9couvrir ATOS DIANE #Bureaux #Int\u00e9rieur #Green D\u00e9couvrir<\/p>\n","protected":false},"author":1,"featured_media":0,"parent":103,"menu_order":0,"comment_status":"closed","ping_status":"closed","template":"","meta":{"footnotes":""},"class_list":["post-659","page","type-page","status-publish","hentry"],"_links":{"self":[{"href":"https:\/\/novarchi.info\/index.php\/wp-json\/wp\/v2\/pages\/659","targetHints":{"allow":["GET"]}}],"collection":[{"href":"https:\/\/novarchi.info\/index.php\/wp-json\/wp\/v2\/pages"}],"about":[{"href":"https:\/\/novarchi.info\/index.php\/wp-json\/wp\/v2\/types\/page"}],"author":[{"embeddable":true,"href":"https:\/\/novarchi.info\/index.php\/wp-json\/wp\/v2\/users\/1"}],"replies":[{"embeddable":true,"href":"https:\/\/novarchi.info\/index.php\/wp-json\/wp\/v2\/comments?post=659"}],"version-history":[{"count":21,"href":"https:\/\/novarchi.info\/index.php\/wp-json\/wp\/v2\/pages\/659\/revisions"}],"predecessor-version":[{"id":1199,"href":"https:\/\/novarchi.info\/index.php\/wp-json\/wp\/v2\/pages\/659\/revisions\/1199"}],"up":[{"embeddable":true,"href":"https:\/\/novarchi.info\/index.php\/wp-json\/wp\/v2\/pages\/103"}],"wp:attachment":[{"href":"https:\/\/novarchi.info\/index.php\/wp-json\/wp\/v2\/media?parent=659"}],"curies":[{"name":"wp","href":"https:\/\/api.w.org\/{rel}","templated":true}]}}