{"id":678,"date":"2022-12-23T15:06:14","date_gmt":"2022-12-23T15:06:14","guid":{"rendered":"https:\/\/novarchi.info\/?page_id=678"},"modified":"2023-05-31T22:24:41","modified_gmt":"2023-05-31T22:24:41","slug":"commerces","status":"publish","type":"page","link":"https:\/\/novarchi.info\/index.php\/realisations\/commerces\/","title":{"rendered":"Equipements publiques Commerces"},"content":{"rendered":"\t\t<div data-elementor-type=\"wp-page\" data-elementor-id=\"678\" class=\"elementor elementor-678\" data-elementor-post-type=\"page\">\n\t\t\t\t\t\t\t\t\t<section class=\"jet-tricks-particles-section elementor-section elementor-top-section elementor-element elementor-element-eefc26c elementor-section-height-full elementor-section-boxed elementor-section-height-default elementor-section-items-middle\" data-id=\"eefc26c\" data-element_type=\"section\">\n\t\t\t\t\t\t<div class=\"elementor-container elementor-column-gap-default\">\n\t\t\t\t\t<div class=\"elementor-column elementor-col-100 elementor-top-column elementor-element elementor-element-3cfa3e3\" data-id=\"3cfa3e3\" data-element_type=\"column\">\n\t\t\t<div class=\"elementor-widget-wrap elementor-element-populated\">\n\t\t\t\t\t\t\t\t<div class=\"elementor-element elementor-element-6fac7d4 elementor-widget elementor-widget-heading\" data-id=\"6fac7d4\" data-element_type=\"widget\" data-widget_type=\"heading.default\">\n\t\t\t\t<div class=\"elementor-widget-container\">\n\t\t\t<style>\/*! elementor - v3.14.0 - 18-06-2023 *\/\n.elementor-heading-title{padding:0;margin:0;line-height:1}.elementor-widget-heading .elementor-heading-title[class*=elementor-size-]>a{color:inherit;font-size:inherit;line-height:inherit}.elementor-widget-heading .elementor-heading-title.elementor-size-small{font-size:15px}.elementor-widget-heading .elementor-heading-title.elementor-size-medium{font-size:19px}.elementor-widget-heading .elementor-heading-title.elementor-size-large{font-size:29px}.elementor-widget-heading .elementor-heading-title.elementor-size-xl{font-size:39px}.elementor-widget-heading .elementor-heading-title.elementor-size-xxl{font-size:59px}<\/style><h1 class=\"elementor-heading-title elementor-size-default\">Commerces<\/h1>\t\t<\/div>\n\t\t\t\t<\/div>\n\t\t\t\t<div class=\"elementor-element elementor-element-4b1f6eb elementor-widget elementor-widget-html\" data-id=\"4b1f6eb\" data-element_type=\"widget\" data-widget_type=\"html.default\">\n\t\t\t\t<div class=\"elementor-widget-container\">\n\t\t\t<style>\n@media screen and (min-width: 500px) and (min-height: 1000px){\n    body{\n        overflow: hidden;\n    }\n    \n}\n<\/style>\t\t<\/div>\n\t\t\t\t<\/div>\n\t\t\t\t<div class=\"elementor-element elementor-element-5865c5e elementor-widget elementor-widget-spacer\" data-id=\"5865c5e\" data-element_type=\"widget\" data-widget_type=\"spacer.default\">\n\t\t\t\t<div class=\"elementor-widget-container\">\n\t\t\t<style>\/*! elementor - v3.14.0 - 18-06-2023 *\/\n.elementor-column .elementor-spacer-inner{height:var(--spacer-size)}.e-con{--container-widget-width:100%}.e-con-inner>.elementor-widget-spacer,.e-con>.elementor-widget-spacer{width:var(--container-widget-width,var(--spacer-size));--align-self:var(--container-widget-align-self,initial);--flex-shrink:0}.e-con-inner>.elementor-widget-spacer>.elementor-widget-container,.e-con-inner>.elementor-widget-spacer>.elementor-widget-container>.elementor-spacer,.e-con>.elementor-widget-spacer>.elementor-widget-container,.e-con>.elementor-widget-spacer>.elementor-widget-container>.elementor-spacer{height:100%}.e-con-inner>.elementor-widget-spacer>.elementor-widget-container>.elementor-spacer>.elementor-spacer-inner,.e-con>.elementor-widget-spacer>.elementor-widget-container>.elementor-spacer>.elementor-spacer-inner{height:var(--container-widget-height,var(--spacer-size))}<\/style>\t\t<div class=\"elementor-spacer\">\n\t\t\t<div class=\"elementor-spacer-inner\"><\/div>\n\t\t<\/div>\n\t\t\t\t<\/div>\n\t\t\t\t<\/div>\n\t\t\t\t<div class=\"elementor-element elementor-element-53a4b55 elementor-widget elementor-widget-html\" data-id=\"53a4b55\" data-element_type=\"widget\" data-widget_type=\"html.default\">\n\t\t\t\t<div class=\"elementor-widget-container\">\n\t\t\t<div class=\"option-con\">\n    \n      <a href=\"orange-theory\">\n        <div class=\"main-item magic-hover magic-hover__square\">\n            <div class=\"avatar-bg\">\n                <img decoding=\"async\" src=\"https:\/\/novarchi.info\/wp-content\/uploads\/2023\/05\/DSC9722_DxO-scaled.jpg\" alt=\"\" \/>\n            <\/div>\n            <p class=\"title\">STUDIO ORANGE THEORY PARIS (75)<\/p>\n            <div class=\"label\">\n                <p class=\"hashtag\">#Orange Theory #Fitness #Design<\/p>\n                <p class=\"link\">D\u00e9couvrir<\/p><\/p>\n            <\/div>\n        <\/div>\n    <\/a>\n    \n    <a href=\"gourmets-cafe\">\n        <div class=\"main-item magic-hover magic-hover__square\">\n            <div class=\"avatar-bg\">\n                <img decoding=\"async\" src=\"https:\/\/novarchi.info\/wp-content\/uploads\/2022\/11\/2022.10.17_GOURMET-CAFE_MAQUETTE_VUE-01-scaled.jpg\" alt=\"\" \/>\n            <\/div>\n            <p class=\"title\">GOURMET'S CAFE<\/p>\n            <div class=\"label\">\n                <p class=\"hashtag\">#Commerce #D\u00e9coration<\/p>\n                <p class=\"link\">D\u00e9couvrir<\/p>\n            <\/div>\n        <\/div>\n    <\/a>\n<\/div>\t\t<\/div>\n\t\t\t\t<\/div>\n\t\t\t\t\t<\/div>\n\t\t<\/div>\n\t\t\t\t\t\t\t<\/div>\n\t\t<\/section>\n\t\t\t\t\t\t\t<\/div>\n\t\t","protected":false},"excerpt":{"rendered":"<p>Commerces STUDIO ORANGE THEORY PARIS (75) #Orange Theory #Fitness #Design D\u00e9couvrir GOURMET&#8217;S CAFE #Commerce #D\u00e9coration D\u00e9couvrir<\/p>\n","protected":false},"author":1,"featured_media":0,"parent":103,"menu_order":0,"comment_status":"closed","ping_status":"closed","template":"","meta":{"footnotes":""},"class_list":["post-678","page","type-page","status-publish","hentry"],"_links":{"self":[{"href":"https:\/\/novarchi.info\/index.php\/wp-json\/wp\/v2\/pages\/678","targetHints":{"allow":["GET"]}}],"collection":[{"href":"https:\/\/novarchi.info\/index.php\/wp-json\/wp\/v2\/pages"}],"about":[{"href":"https:\/\/novarchi.info\/index.php\/wp-json\/wp\/v2\/types\/page"}],"author":[{"embeddable":true,"href":"https:\/\/novarchi.info\/index.php\/wp-json\/wp\/v2\/users\/1"}],"replies":[{"embeddable":true,"href":"https:\/\/novarchi.info\/index.php\/wp-json\/wp\/v2\/comments?post=678"}],"version-history":[{"count":23,"href":"https:\/\/novarchi.info\/index.php\/wp-json\/wp\/v2\/pages\/678\/revisions"}],"predecessor-version":[{"id":1379,"href":"https:\/\/novarchi.info\/index.php\/wp-json\/wp\/v2\/pages\/678\/revisions\/1379"}],"up":[{"embeddable":true,"href":"https:\/\/novarchi.info\/index.php\/wp-json\/wp\/v2\/pages\/103"}],"wp:attachment":[{"href":"https:\/\/novarchi.info\/index.php\/wp-json\/wp\/v2\/media?parent=678"}],"curies":[{"name":"wp","href":"https:\/\/api.w.org\/{rel}","templated":true}]}}